{"id":4,"date":"2016-07-04T21:51:26","date_gmt":"2016-07-04T19:51:26","guid":{"rendered":"http:\/\/peukert-siebdruck.de\/?page_id=4"},"modified":"2020-04-25T08:21:38","modified_gmt":"2020-04-25T06:21:38","slug":"home","status":"publish","type":"page","link":"https:\/\/peukert-siebdruck.de\/","title":{"rendered":"Startseite"},"content":{"rendered":"<h4 style=\"text-align: center;\">Ihr zuverl\u00e4ssiger Partner in Sachen Siebdruck<\/h4>\n<h4 style=\"text-align: center;\">Schauen Sie sich ein wenig um und informieren Sie sich \u00fcber unsere Leistungen.<\/h4>\n<h4 style=\"text-align: center;\">Mit Sicherheit ist auch das Passende f\u00fcr Sie dabei.<\/h4>\n<h3><img loading=\"lazy\" decoding=\"async\" class=\"aligncenter wp-image-236 size-medium\" src=\"http:\/\/peukert-siebdruck.de\/wp-content\/uploads\/2020\/04\/Halle_1-300x225.jpg\" alt=\"\" width=\"300\" height=\"225\" srcset=\"https:\/\/peukert-siebdruck.de\/wp-content\/uploads\/2020\/04\/Halle_1-300x225.jpg 300w, https:\/\/peukert-siebdruck.de\/wp-content\/uploads\/2020\/04\/Halle_1-768x576.jpg 768w, https:\/\/peukert-siebdruck.de\/wp-content\/uploads\/2020\/04\/Halle_1.jpg 1024w\" sizes=\"auto, (max-width: 300px) 100vw, 300px\" \/><\/h3>\n<h3 style=\"text-align: center;\"><\/h3>\n","protected":false},"excerpt":{"rendered":"<p>Ihr zuverl\u00e4ssiger Partner in Sachen Siebdruck Schauen Sie sich ein wenig um und informieren Sie sich \u00fcber unsere Leistungen. Mit Sicherheit ist auch das Passende f\u00fcr Sie dabei.<\/p>\n","protected":false},"author":1,"featured_media":0,"parent":0,"menu_order":0,"comment_status":"closed","ping_status":"closed","template":"","meta":{"footnotes":""},"class_list":["post-4","page","type-page","status-publish","hentry"],"_links":{"self":[{"href":"https:\/\/peukert-siebdruck.de\/index.php?rest_route=\/wp\/v2\/pages\/4","targetHints":{"allow":["GET"]}}],"collection":[{"href":"https:\/\/peukert-siebdruck.de\/index.php?rest_route=\/wp\/v2\/pages"}],"about":[{"href":"https:\/\/peukert-siebdruck.de\/index.php?rest_route=\/wp\/v2\/types\/page"}],"author":[{"embeddable":true,"href":"https:\/\/peukert-siebdruck.de\/index.php?rest_route=\/wp\/v2\/users\/1"}],"replies":[{"embeddable":true,"href":"https:\/\/peukert-siebdruck.de\/index.php?rest_route=%2Fwp%2Fv2%2Fcomments&post=4"}],"version-history":[{"count":23,"href":"https:\/\/peukert-siebdruck.de\/index.php?rest_route=\/wp\/v2\/pages\/4\/revisions"}],"predecessor-version":[{"id":238,"href":"https:\/\/peukert-siebdruck.de\/index.php?rest_route=\/wp\/v2\/pages\/4\/revisions\/238"}],"wp:attachment":[{"href":"https:\/\/peukert-siebdruck.de\/index.php?rest_route=%2Fwp%2Fv2%2Fmedia&parent=4"}],"curies":[{"name":"wp","href":"https:\/\/api.w.org\/{rel}","templated":true}]}}