{"id":32,"date":"2016-07-04T22:00:01","date_gmt":"2016-07-04T20:00:01","guid":{"rendered":"http:\/\/peukert-siebdruck.de\/?page_id=32"},"modified":"2020-04-24T17:07:30","modified_gmt":"2020-04-24T15:07:30","slug":"das-verfahren","status":"publish","type":"page","link":"https:\/\/peukert-siebdruck.de\/?page_id=32","title":{"rendered":"Das Verfahren"},"content":{"rendered":"<div class=\"entry-content clearfix\">\n<h4>Wenn wir den passenden Film Ihres Motivs erhalten haben, belichten wir diesen auf ein speziell beschichtetes Sieb. Anschlie\u00dfend wird dieses bearbeitet, so dass es nur dort zum Farbdurchdruckt kommt wo es auch erw\u00fcnscht ist.<\/h4>\n<h4>Dann wird das fertige Sieb in die Maschine eingesetzt und mit den entsprechenden Halterungen, individuell an das zu bedruckende Objekt angepasst.<\/h4>\n<h4>Die Farben mischen wir selbst an um exakte Ergebnisse erzielen zu k\u00f6nnen. Die Farbe wird auf das Sieb gegeben und mit Hilfe eines Gummirakels von der Maschine \u00fcber das Sieb gestrichen (gerakelt). Und so durch die offenen Stellen auf das Druckobjekt gedruckt.<\/h4>\n<h4>Nach diesem Vorgang entnimmt ein Mitarbeiter das fertig bedruckte Objekt und pr\u00fcft es vor dem Austrocknen lassen noch einmal mit geschultem Auge. Das passiert mit allen Druckobjekten, um sicher zu gehen, dass h\u00f6chste Qualit\u00e4t unsere Kunden erreicht. Die Ware verl\u00e4sst unser Haus nur wenn sie in einwandfreiem Zustand ist, um die Partnerschaft mit unseren Kunden aufrecht zu erhalten.<\/h4>\n<h4>Sollten Sie doch einmal nicht zufrieden sein, dann scheuen Sie sich bitte nicht um pers\u00f6nlich Kontakt zu uns aufzunehmen. WIr werden alles daran setzen Ihren Anspr\u00fcchen gerecht zu werden.<\/h4>\n<\/div>\n","protected":false},"excerpt":{"rendered":"<p>Wenn wir den passenden Film Ihres Motivs erhalten haben, belichten wir diesen auf ein speziell beschichtetes Sieb. Anschlie\u00dfend wird dieses bearbeitet, so dass es nur dort zum Farbdurchdruckt kommt wo &hellip; <\/p>\n","protected":false},"author":1,"featured_media":0,"parent":0,"menu_order":0,"comment_status":"closed","ping_status":"closed","template":"","meta":{"footnotes":""},"class_list":["post-32","page","type-page","status-publish","hentry"],"_links":{"self":[{"href":"https:\/\/peukert-siebdruck.de\/index.php?rest_route=\/wp\/v2\/pages\/32","targetHints":{"allow":["GET"]}}],"collection":[{"href":"https:\/\/peukert-siebdruck.de\/index.php?rest_route=\/wp\/v2\/pages"}],"about":[{"href":"https:\/\/peukert-siebdruck.de\/index.php?rest_route=\/wp\/v2\/types\/page"}],"author":[{"embeddable":true,"href":"https:\/\/peukert-siebdruck.de\/index.php?rest_route=\/wp\/v2\/users\/1"}],"replies":[{"embeddable":true,"href":"https:\/\/peukert-siebdruck.de\/index.php?rest_route=%2Fwp%2Fv2%2Fcomments&post=32"}],"version-history":[{"count":4,"href":"https:\/\/peukert-siebdruck.de\/index.php?rest_route=\/wp\/v2\/pages\/32\/revisions"}],"predecessor-version":[{"id":224,"href":"https:\/\/peukert-siebdruck.de\/index.php?rest_route=\/wp\/v2\/pages\/32\/revisions\/224"}],"wp:attachment":[{"href":"https:\/\/peukert-siebdruck.de\/index.php?rest_route=%2Fwp%2Fv2%2Fmedia&parent=32"}],"curies":[{"name":"wp","href":"https:\/\/api.w.org\/{rel}","templated":true}]}}