{"id":11,"date":"2016-07-04T21:56:39","date_gmt":"2016-07-04T19:56:39","guid":{"rendered":"http:\/\/peukert-siebdruck.de\/?page_id=11"},"modified":"2026-01-29T16:51:38","modified_gmt":"2026-01-29T15:51:38","slug":"ueber-uns","status":"publish","type":"page","link":"https:\/\/peukert-siebdruck.de\/?page_id=11","title":{"rendered":"\u00dcber uns"},"content":{"rendered":"<h4>Wenn Sie einen kompetenten Ansprechpartner in Sachen hochwertigen Siebdruck suchen, dann hat Ihre Suche bei Peukert Siebdruck ein gutes Ende.<\/h4>\n<h4>Unsere Firma in Untermeitungen besteht aus ge\u00fcbten und ehrgeizigem Personal, Druckern aus Leidenschaft, modernen Maschinen, hochwertigem Arbeitsmaterial und kompetenten Ansprechpartnern. Wenn es darum geht f\u00fcr Sie die bestm\u00f6gliche L\u00f6sung und Umsetzung Ihrer W\u00fcnsche zu finden.<\/h4>\n<h4>Unser Ziel ist es\u2026<\/h4>\n<h4>\u2026 Sie mit handwerklicher Qualit\u00e4t und Zuverl\u00e4ssigkeit, zufrieden zu stellen<\/h4>\n<h4>\u2026 Ihre unbedruckte Ware in einen hochwertigen Blickfang zu verwandeln<\/h4>\n<h4>\u2026 eine langfristige gut funktionierende Partnerschaft zwischen unseren Kunden\u00a0\u00a0 und uns aufzubauen<\/h4>\n<h4>\u2026 Ihre Auftr\u00e4ge schnellst m\u00f6glich mit der gew\u00fcnschten Pr\u00e4zision und Sorgfalt zu bearbeiten<\/h4>\n","protected":false},"excerpt":{"rendered":"<p>Wenn Sie einen kompetenten Ansprechpartner in Sachen hochwertigen Siebdruck suchen, dann hat Ihre Suche bei Peukert Siebdruck ein gutes Ende. Unsere Firma in Untermeitungen besteht aus ge\u00fcbten und ehrgeizigem Personal, &hellip; <\/p>\n","protected":false},"author":1,"featured_media":0,"parent":0,"menu_order":0,"comment_status":"closed","ping_status":"closed","template":"","meta":{"footnotes":""},"class_list":["post-11","page","type-page","status-publish","hentry"],"_links":{"self":[{"href":"https:\/\/peukert-siebdruck.de\/index.php?rest_route=\/wp\/v2\/pages\/11","targetHints":{"allow":["GET"]}}],"collection":[{"href":"https:\/\/peukert-siebdruck.de\/index.php?rest_route=\/wp\/v2\/pages"}],"about":[{"href":"https:\/\/peukert-siebdruck.de\/index.php?rest_route=\/wp\/v2\/types\/page"}],"author":[{"embeddable":true,"href":"https:\/\/peukert-siebdruck.de\/index.php?rest_route=\/wp\/v2\/users\/1"}],"replies":[{"embeddable":true,"href":"https:\/\/peukert-siebdruck.de\/index.php?rest_route=%2Fwp%2Fv2%2Fcomments&post=11"}],"version-history":[{"count":10,"href":"https:\/\/peukert-siebdruck.de\/index.php?rest_route=\/wp\/v2\/pages\/11\/revisions"}],"predecessor-version":[{"id":245,"href":"https:\/\/peukert-siebdruck.de\/index.php?rest_route=\/wp\/v2\/pages\/11\/revisions\/245"}],"wp:attachment":[{"href":"https:\/\/peukert-siebdruck.de\/index.php?rest_route=%2Fwp%2Fv2%2Fmedia&parent=11"}],"curies":[{"name":"wp","href":"https:\/\/api.w.org\/{rel}","templated":true}]}}